{"id":83,"date":"2020-11-06T23:57:12","date_gmt":"2020-11-06T22:57:12","guid":{"rendered":"http:\/\/54.37.81.190\/yvoir\/?page_id=83"},"modified":"2021-03-07T13:39:25","modified_gmt":"2021-03-07T12:39:25","slug":"telemeter-n1-test","status":"publish","type":"page","link":"http:\/\/54.37.81.190\/yvoir\/","title":{"rendered":"T\u00e9l\u00e9m\u00e8tres et inclinom\u00e8tre couronne"},"content":{"rendered":"\n<table align=\"center\">\n\n      <tbody><tr>\n        <td colspan=\"1\">\n\n\t\t\t<div id=\"container\" style=\"height: 400px; \"><\/div><p><\/p>\n\n        <\/td>\n      <\/tr>\n\n\t        <tr>\n        <td colspan=\"1\">\n\t\t\t<div id=\"container2\" style=\"height: 400px; \"><\/div><p><\/p>\n        <\/td>\n\n      <\/tr>\n      <tr>\n        <td colspan=\"1\">\n\t\t\t<div id=\"container3\" style=\"height: 400px; \"><\/div><p><\/p>\n        <\/td>\n\n      <\/tr>\n    <\/tbody><\/table>\n\n\n\n<p><\/p>\n","protected":false},"excerpt":{"rendered":"","protected":false},"author":1,"featured_media":0,"parent":0,"menu_order":0,"comment_status":"closed","ping_status":"closed","template":"","meta":{"neve_meta_sidebar":"full-width","neve_meta_container":"","neve_meta_enable_content_width":"on","neve_meta_content_width":100,"neve_meta_title_alignment":"","neve_meta_author_avatar":"","neve_post_elements_order":"","neve_meta_disable_header":"","neve_meta_disable_footer":"","neve_meta_disable_title":""},"_links":{"self":[{"href":"http:\/\/54.37.81.190\/yvoir\/index.php?rest_route=\/wp\/v2\/pages\/83"}],"collection":[{"href":"http:\/\/54.37.81.190\/yvoir\/index.php?rest_route=\/wp\/v2\/pages"}],"about":[{"href":"http:\/\/54.37.81.190\/yvoir\/index.php?rest_route=\/wp\/v2\/types\/page"}],"author":[{"embeddable":true,"href":"http:\/\/54.37.81.190\/yvoir\/index.php?rest_route=\/wp\/v2\/users\/1"}],"replies":[{"embeddable":true,"href":"http:\/\/54.37.81.190\/yvoir\/index.php?rest_route=%2Fwp%2Fv2%2Fcomments&post=83"}],"version-history":[{"count":7,"href":"http:\/\/54.37.81.190\/yvoir\/index.php?rest_route=\/wp\/v2\/pages\/83\/revisions"}],"predecessor-version":[{"id":139,"href":"http:\/\/54.37.81.190\/yvoir\/index.php?rest_route=\/wp\/v2\/pages\/83\/revisions\/139"}],"wp:attachment":[{"href":"http:\/\/54.37.81.190\/yvoir\/index.php?rest_route=%2Fwp%2Fv2%2Fmedia&parent=83"}],"curies":[{"name":"wp","href":"https:\/\/api.w.org\/{rel}","templated":true}]}}